{"id":86,"date":"2015-02-12T13:43:42","date_gmt":"2015-02-12T12:43:42","guid":{"rendered":"http:\/\/localhost:8080\/howto\/?page_id=86"},"modified":"2017-09-26T08:02:58","modified_gmt":"2017-09-26T06:02:58","slug":"3-2-2-dialog","status":"publish","type":"page","link":"http:\/\/developer.edokumenty.eu\/index.php\/dokumentacja-online-systemu-edokumenty\/przetwarzanie-danych\/3-2-2-dialog\/","title":{"rendered":"Dialog"},"content":{"rendered":"<p>W skrypcie dla elementu CustomWidget mo\u017cna zaimplementowa\u0107 dialog, kt\u00f3ry zostanie otwarty podczas jego uruchomienia. Mo\u017cliwo\u015bci takiego dialogu s\u0105 praktycznie nieograniczone - mo\u017ce on zawiera\u0107 dowolne widgety\u00a0wyst\u0119puj\u0105ce w systemie.<\/p>\n<p>Listing skryptu, wraz z kr\u00f3tkim om\u00f3wieniem znajduje si\u0119 na tej\u00a0<a href=\"http:\/\/developer.edokumenty.eu\/index.php\/dokumentacja-online-systemu-edokumenty\/ui-elements\/formularze-dialogi-i-kartoteki\/skrypt-interaktywny\/\">stronie<\/a>.<\/p>\n<p>Przyk\u0142ady najcz\u0119\u015bciej wykorzystywanych komponent\u00f3w dialogu znajduj\u0105 si\u0119 w rozdziale <a href=\"http:\/\/developer.edokumenty.eu\/index.php\/dokumentacja-online-systemu-edokumenty\/ui-elements\/widgety\/\">Wid\u017cety<\/a>.<\/p>\n","protected":false},"excerpt":{"rendered":"<p>W skrypcie dla elementu CustomWidget mo\u017cna zaimplementowa\u0107 dialog, kt\u00f3ry zostanie otwarty podczas jego uruchomienia. Mo\u017cliwo\u015bci takiego dialogu s\u0105 praktycznie nieograniczone - mo\u017ce on zawiera\u0107 dowolne widgety\u00a0wyst\u0119puj\u0105ce w systemie. Listing skryptu, wraz z kr\u00f3tkim om\u00f3wieniem znajduje si\u0119 na tej\u00a0stronie. Przyk\u0142ady najcz\u0119\u015bciej wykorzystywanych komponent\u00f3w dialogu znajduj\u0105 si\u0119 w rozdziale Wid\u017cety.<\/p>\n","protected":false},"author":2,"featured_media":0,"parent":510,"menu_order":2,"comment_status":"closed","ping_status":"closed","template":"","meta":[],"tags":[],"_links":{"self":[{"href":"http:\/\/developer.edokumenty.eu\/index.php\/wp-json\/wp\/v2\/pages\/86"}],"collection":[{"href":"http:\/\/developer.edokumenty.eu\/index.php\/wp-json\/wp\/v2\/pages"}],"about":[{"href":"http:\/\/developer.edokumenty.eu\/index.php\/wp-json\/wp\/v2\/types\/page"}],"author":[{"embeddable":true,"href":"http:\/\/developer.edokumenty.eu\/index.php\/wp-json\/wp\/v2\/users\/2"}],"replies":[{"embeddable":true,"href":"http:\/\/developer.edokumenty.eu\/index.php\/wp-json\/wp\/v2\/comments?post=86"}],"version-history":[{"count":26,"href":"http:\/\/developer.edokumenty.eu\/index.php\/wp-json\/wp\/v2\/pages\/86\/revisions"}],"predecessor-version":[{"id":3707,"href":"http:\/\/developer.edokumenty.eu\/index.php\/wp-json\/wp\/v2\/pages\/86\/revisions\/3707"}],"up":[{"embeddable":true,"href":"http:\/\/developer.edokumenty.eu\/index.php\/wp-json\/wp\/v2\/pages\/510"}],"wp:attachment":[{"href":"http:\/\/developer.edokumenty.eu\/index.php\/wp-json\/wp\/v2\/media?parent=86"}],"wp:term":[{"taxonomy":"post_tag","embeddable":true,"href":"http:\/\/developer.edokumenty.eu\/index.php\/wp-json\/wp\/v2\/tags?post=86"}],"curies":[{"name":"wp","href":"https:\/\/api.w.org\/{rel}","templated":true}]}}