{"id":837,"date":"2016-08-25T12:52:47","date_gmt":"2016-08-25T10:52:47","guid":{"rendered":"http:\/\/dokumentacja.edokumenty.eu\/?page_id=837"},"modified":"2017-07-10T12:48:48","modified_gmt":"2017-07-10T10:48:48","slug":"proces-wytworczy-aplikacji","status":"publish","type":"page","link":"http:\/\/developer.edokumenty.eu\/index.php\/tutoriale\/tworzenie-wlasnej-aplikacji\/proces-wytworczy-aplikacji\/","title":{"rendered":"Proces wytw\u00f3rczy aplikacji"},"content":{"rendered":"<p>W systemie eDokumenty mo\u017cna tworzy\u0107 w\u0142asne aplikacje, kt\u00f3re realizuj\u0105 pewne zadania. W tym poradniku znajdziemy kilka wskaz\u00f3wek jak prawid\u0142owo zabra\u0107 si\u0119 do tej pracy.<\/p>\n<p>Na samym pocz\u0105tku musimy dowiedzie\u0107 si\u0119 od klienta\/analityka :<\/p>\n<ul>\n<li>Jak ma to dzia\u0142a\u0107?<\/li>\n<li>Jak to ma wygl\u0105da\u0107?<\/li>\n<li>Sk\u0105d maj\u0105 by\u0107 pobierane dane?<\/li>\n<\/ul>\n<p>No dobrze, ju\u017c mamy jaki\u015b zarys. Teraz musimy zaprojektowa\u0107 ka\u017cdy widok w Excelu. Pomo\u017ce to nam zrobi\u0107 zarys aplikacji oraz uwidoczni\u0107 wymagania klienta. Jeden widok powinien by\u0107 rozrysowany na jednej karcie.<\/p>\n<p>Poprawnie rozrysowany widok powinien sk\u0142ada\u0107 si\u0119 z trzech cz\u0119\u015bci<\/p>\n<ul>\n<li>Wygl\u0105d og\u00f3lny - widok ko\u0144cowy<\/li>\n<\/ul>\n<p><a href=\"http:\/\/developer.edokumenty.eu\/wp-content\/uploads\/2016\/08\/SHU_wyR49N.png\"><img loading=\"lazy\" class=\"aligncenter wp-image-839\" src=\"http:\/\/developer.edokumenty.eu\/wp-content\/uploads\/2016\/08\/SHU_wyR49N-1024x300.png\" alt=\"SHU_wyR49N\" width=\"548\" height=\"161\" srcset=\"http:\/\/developer.edokumenty.eu\/wp-content\/uploads\/2016\/08\/SHU_wyR49N-1024x300.png 1024w, http:\/\/developer.edokumenty.eu\/wp-content\/uploads\/2016\/08\/SHU_wyR49N-300x88.png 300w, http:\/\/developer.edokumenty.eu\/wp-content\/uploads\/2016\/08\/SHU_wyR49N-768x225.png 768w, http:\/\/developer.edokumenty.eu\/wp-content\/uploads\/2016\/08\/SHU_wyR49N.png 1848w\" sizes=\"(max-width: 548px) 100vw, 548px\" \/><\/a><\/p>\n<ul>\n<li>\u0179r\u00f3d\u0142o danych - widok danych<\/li>\n<\/ul>\n<p><a href=\"http:\/\/developer.edokumenty.eu\/wp-content\/uploads\/2016\/08\/SHU_4n6WZk.png\"><img loading=\"lazy\" class=\"aligncenter wp-image-840\" src=\"http:\/\/developer.edokumenty.eu\/wp-content\/uploads\/2016\/08\/SHU_4n6WZk-1024x249.png\" alt=\"SHU_4n6WZk\" width=\"549\" height=\"134\" srcset=\"http:\/\/developer.edokumenty.eu\/wp-content\/uploads\/2016\/08\/SHU_4n6WZk-1024x249.png 1024w, http:\/\/developer.edokumenty.eu\/wp-content\/uploads\/2016\/08\/SHU_4n6WZk-300x73.png 300w, http:\/\/developer.edokumenty.eu\/wp-content\/uploads\/2016\/08\/SHU_4n6WZk-768x186.png 768w, http:\/\/developer.edokumenty.eu\/wp-content\/uploads\/2016\/08\/SHU_4n6WZk.png 1845w\" sizes=\"(max-width: 549px) 100vw, 549px\" \/><\/a><\/p>\n<ul>\n<li>Wygl\u0105d - style css<\/li>\n<\/ul>\n<p><a href=\"http:\/\/developer.edokumenty.eu\/wp-content\/uploads\/2016\/08\/SHU_JO6wRD.png\"><img loading=\"lazy\" class=\"aligncenter wp-image-841\" src=\"http:\/\/developer.edokumenty.eu\/wp-content\/uploads\/2016\/08\/SHU_JO6wRD-1024x224.png\" alt=\"SHU_JO6wRD\" width=\"552\" height=\"121\" srcset=\"http:\/\/developer.edokumenty.eu\/wp-content\/uploads\/2016\/08\/SHU_JO6wRD-1024x224.png 1024w, http:\/\/developer.edokumenty.eu\/wp-content\/uploads\/2016\/08\/SHU_JO6wRD-300x66.png 300w, http:\/\/developer.edokumenty.eu\/wp-content\/uploads\/2016\/08\/SHU_JO6wRD-768x168.png 768w, http:\/\/developer.edokumenty.eu\/wp-content\/uploads\/2016\/08\/SHU_JO6wRD.png 1843w\" sizes=\"(max-width: 552px) 100vw, 552px\" \/><\/a><\/p>\n<p>Kolejnym etapem tworzenia naszej aplikacji jest ponowna rozmowa z klientem\/analitykiem, czy to co zaprojektowali\u015bmy zgadza si\u0119 z jego wizj\u0105 oraz jego wymaganiami. Dopiero gdy dostaniemy jasny sygna\u0142, \u017ce to co zaprojektowali\u015bmy zgadza si\u0119 z ustaleniami, wtedy dopiero zaczynamy kodowa\u0107 nasz\u0105 aplikacj\u0119.<\/p>\n","protected":false},"excerpt":{"rendered":"<p>W systemie eDokumenty mo\u017cna tworzy\u0107 w\u0142asne aplikacje, kt\u00f3re realizuj\u0105 pewne zadania. W tym poradniku znajdziemy kilka wskaz\u00f3wek jak prawid\u0142owo zabra\u0107 si\u0119 do tej pracy. Na samym pocz\u0105tku musimy dowiedzie\u0107 si\u0119 od klienta\/analityka : Jak ma to dzia\u0142a\u0107? Jak to ma wygl\u0105da\u0107? Sk\u0105d maj\u0105 by\u0107 pobierane dane? No dobrze, ju\u017c mamy jaki\u015b zarys. Teraz musimy zaprojektowa\u0107 [&hellip;]<\/p>\n","protected":false},"author":3,"featured_media":0,"parent":445,"menu_order":0,"comment_status":"closed","ping_status":"closed","template":"","meta":[],"tags":[125,126,51,127],"_links":{"self":[{"href":"http:\/\/developer.edokumenty.eu\/index.php\/wp-json\/wp\/v2\/pages\/837"}],"collection":[{"href":"http:\/\/developer.edokumenty.eu\/index.php\/wp-json\/wp\/v2\/pages"}],"about":[{"href":"http:\/\/developer.edokumenty.eu\/index.php\/wp-json\/wp\/v2\/types\/page"}],"author":[{"embeddable":true,"href":"http:\/\/developer.edokumenty.eu\/index.php\/wp-json\/wp\/v2\/users\/3"}],"replies":[{"embeddable":true,"href":"http:\/\/developer.edokumenty.eu\/index.php\/wp-json\/wp\/v2\/comments?post=837"}],"version-history":[{"count":10,"href":"http:\/\/developer.edokumenty.eu\/index.php\/wp-json\/wp\/v2\/pages\/837\/revisions"}],"predecessor-version":[{"id":3469,"href":"http:\/\/developer.edokumenty.eu\/index.php\/wp-json\/wp\/v2\/pages\/837\/revisions\/3469"}],"up":[{"embeddable":true,"href":"http:\/\/developer.edokumenty.eu\/index.php\/wp-json\/wp\/v2\/pages\/445"}],"wp:attachment":[{"href":"http:\/\/developer.edokumenty.eu\/index.php\/wp-json\/wp\/v2\/media?parent=837"}],"wp:term":[{"taxonomy":"post_tag","embeddable":true,"href":"http:\/\/developer.edokumenty.eu\/index.php\/wp-json\/wp\/v2\/tags?post=837"}],"curies":[{"name":"wp","href":"https:\/\/api.w.org\/{rel}","templated":true}]}}