{"id":657,"date":"2016-02-17T14:30:03","date_gmt":"2016-02-17T13:30:03","guid":{"rendered":"http:\/\/dokumentacja.edokumenty.eu\/?page_id=657"},"modified":"2016-07-11T09:28:09","modified_gmt":"2016-07-11T07:28:09","slug":"filemanager","status":"publish","type":"page","link":"http:\/\/developer.edokumenty.eu\/index.php\/dokumentacja-online-systemu-edokumenty\/dostep-i-przetwarzanie-danych\/filemanager\/","title":{"rendered":"FileManager"},"content":{"rendered":"<p>Aby m\u00f3c skorzysta\u0107 z plik\u00f3w znajduj\u0105cych si\u0119 na przyk\u0142ad w za\u0142\u0105czniku dokumentu, musimy zna\u0107 jego fileid z tabeli file, a nast\u0119pnie mo\u017cemy u\u017cy\u0107 poni\u017cszego skryptu, jego rezultatem b\u0119dzie otrzymana \u015bcie\u017cka do tego pliku<\/p>\n<div class=\"code-highlight code-highlight-with-label\" data-label=\"PHP\"><span class=\"js-copy-to-clipboard copy-code\">copy<\/span>\n\t<pre><code class=\"language-php js-code\">\nrequire_once(LIB_PATH.'filesystem\/File.inc');\r\n$file\u00a0=\u00a0new\u00a0File($fileId);\r\n$location\u00a0=\u00a0FileLocation::createByURI($file-&gt;URI);\r\n$filePath\u00a0=\u00a0$location-&gt;get($file-&gt;URI);\n<\/code><\/pre><\/div>\n","protected":false},"excerpt":{"rendered":"<p>Aby m\u00f3c skorzysta\u0107 z plik\u00f3w znajduj\u0105cych si\u0119 na przyk\u0142ad w za\u0142\u0105czniku dokumentu, musimy zna\u0107 jego fileid z tabeli file, a nast\u0119pnie mo\u017cemy u\u017cy\u0107 poni\u017cszego skryptu, jego rezultatem b\u0119dzie otrzymana \u015bcie\u017cka do tego pliku<\/p>\n","protected":false},"author":3,"featured_media":0,"parent":502,"menu_order":0,"comment_status":"closed","ping_status":"closed","template":"","meta":[],"tags":[110,111,30],"_links":{"self":[{"href":"http:\/\/developer.edokumenty.eu\/index.php\/wp-json\/wp\/v2\/pages\/657"}],"collection":[{"href":"http:\/\/developer.edokumenty.eu\/index.php\/wp-json\/wp\/v2\/pages"}],"about":[{"href":"http:\/\/developer.edokumenty.eu\/index.php\/wp-json\/wp\/v2\/types\/page"}],"author":[{"embeddable":true,"href":"http:\/\/developer.edokumenty.eu\/index.php\/wp-json\/wp\/v2\/users\/3"}],"replies":[{"embeddable":true,"href":"http:\/\/developer.edokumenty.eu\/index.php\/wp-json\/wp\/v2\/comments?post=657"}],"version-history":[{"count":1,"href":"http:\/\/developer.edokumenty.eu\/index.php\/wp-json\/wp\/v2\/pages\/657\/revisions"}],"predecessor-version":[{"id":658,"href":"http:\/\/developer.edokumenty.eu\/index.php\/wp-json\/wp\/v2\/pages\/657\/revisions\/658"}],"up":[{"embeddable":true,"href":"http:\/\/developer.edokumenty.eu\/index.php\/wp-json\/wp\/v2\/pages\/502"}],"wp:attachment":[{"href":"http:\/\/developer.edokumenty.eu\/index.php\/wp-json\/wp\/v2\/media?parent=657"}],"wp:term":[{"taxonomy":"post_tag","embeddable":true,"href":"http:\/\/developer.edokumenty.eu\/index.php\/wp-json\/wp\/v2\/tags?post=657"}],"curies":[{"name":"wp","href":"https:\/\/api.w.org\/{rel}","templated":true}]}}