{"id":655,"date":"2016-02-17T14:24:11","date_gmt":"2016-02-17T13:24:11","guid":{"rendered":"http:\/\/dokumentacja.edokumenty.eu\/?page_id=655"},"modified":"2016-07-11T09:28:43","modified_gmt":"2016-07-11T07:28:43","slug":"globalsystemconfig","status":"publish","type":"page","link":"http:\/\/developer.edokumenty.eu\/index.php\/dokumentacja-online-systemu-edokumenty\/dostep-i-przetwarzanie-danych\/globalsystemconfig\/","title":{"rendered":"GlobalSystemConfig"},"content":{"rendered":"<p>GlobalSystemConfig jest globalnym kontenerem pami\u0119ci, niezale\u017cnym od u\u017cytkownika kt\u00f3ry aktualnie jest zalogowany w systemie.<\/p>\n<div class=\"code-highlight code-highlight-with-label\" data-label=\"PHP\"><span class=\"js-copy-to-clipboard copy-code\">copy<\/span>\n\t<pre><code class=\"language-php js-code\">\nrequire_once(LIB_PATH.'system\/GlobalSystemConfig.inc');\r\n$global\u00a0=\u00a0new\u00a0GlobalSystemConfig();\r\n\n<\/code><\/pre><\/div>\n<p>Aby zapisa\u0107 dane wystarczy u\u017cy\u0107 nast\u0119puj\u0105cej konstrukcji :<\/p>\n<div class=\"code-highlight code-highlight-with-label\" data-label=\"PHP\"><span class=\"js-copy-to-clipboard copy-code\">copy<\/span>\n\t<pre><code class=\"language-php js-code\">\n$global-&gt;setStaticData('ent_id',\u00a0SysContext::$ent_id);\r\n$global-&gt;setValue('object',\u00a0'key',\u00a0'value');\r\n$global-&gt;setValue(__CLASS__,\u00a0'key',\u00a0'value');\n<\/code><\/pre><\/div>\n<p>&nbsp;<\/p>\n<p>Aby odczyta\u0107 swoje dane wystarczy u\u017cy\u0107 :<\/p>\n<div class=\"code-highlight code-highlight-with-label\" data-label=\"PHP\"><span class=\"js-copy-to-clipboard copy-code\">copy<\/span>\n\t<pre><code class=\"language-php js-code\">\n$global-&gt;getValue(__CLASS__,\u00a0'key',\u00a0'default_value_if_not_set');\n<\/code><\/pre><\/div>\n<p>&nbsp;<\/p>\n","protected":false},"excerpt":{"rendered":"<p>GlobalSystemConfig jest globalnym kontenerem pami\u0119ci, niezale\u017cnym od u\u017cytkownika kt\u00f3ry aktualnie jest zalogowany w systemie. Aby zapisa\u0107 dane wystarczy u\u017cy\u0107 nast\u0119puj\u0105cej konstrukcji : &nbsp; Aby odczyta\u0107 swoje dane wystarczy u\u017cy\u0107 : &nbsp;<\/p>\n","protected":false},"author":3,"featured_media":0,"parent":502,"menu_order":0,"comment_status":"closed","ping_status":"closed","template":"","meta":[],"tags":[112,115,113,114],"_links":{"self":[{"href":"http:\/\/developer.edokumenty.eu\/index.php\/wp-json\/wp\/v2\/pages\/655"}],"collection":[{"href":"http:\/\/developer.edokumenty.eu\/index.php\/wp-json\/wp\/v2\/pages"}],"about":[{"href":"http:\/\/developer.edokumenty.eu\/index.php\/wp-json\/wp\/v2\/types\/page"}],"author":[{"embeddable":true,"href":"http:\/\/developer.edokumenty.eu\/index.php\/wp-json\/wp\/v2\/users\/3"}],"replies":[{"embeddable":true,"href":"http:\/\/developer.edokumenty.eu\/index.php\/wp-json\/wp\/v2\/comments?post=655"}],"version-history":[{"count":1,"href":"http:\/\/developer.edokumenty.eu\/index.php\/wp-json\/wp\/v2\/pages\/655\/revisions"}],"predecessor-version":[{"id":656,"href":"http:\/\/developer.edokumenty.eu\/index.php\/wp-json\/wp\/v2\/pages\/655\/revisions\/656"}],"up":[{"embeddable":true,"href":"http:\/\/developer.edokumenty.eu\/index.php\/wp-json\/wp\/v2\/pages\/502"}],"wp:attachment":[{"href":"http:\/\/developer.edokumenty.eu\/index.php\/wp-json\/wp\/v2\/media?parent=655"}],"wp:term":[{"taxonomy":"post_tag","embeddable":true,"href":"http:\/\/developer.edokumenty.eu\/index.php\/wp-json\/wp\/v2\/tags?post=655"}],"curies":[{"name":"wp","href":"https:\/\/api.w.org\/{rel}","templated":true}]}}