{"id":493,"date":"2015-12-11T13:27:44","date_gmt":"2015-12-11T12:27:44","guid":{"rendered":"http:\/\/dokumentacja.edokumenty.eu\/?page_id=493"},"modified":"2017-07-10T11:36:58","modified_gmt":"2017-07-10T09:36:58","slug":"widgety","status":"publish","type":"page","link":"http:\/\/developer.edokumenty.eu\/index.php\/dokumentacja-online-systemu-edokumenty\/ui-elements\/widgety\/","title":{"rendered":"Widgety"},"content":{"rendered":"<p>Tworz\u0105c dialog interakcji z u\u017cytkownikiem, mo\u017cna wykorzysta\u0107 dowolne z dost\u0119pnych w systemie wid\u017cet\u00f3w.<\/p>\n","protected":false},"excerpt":{"rendered":"<p>Tworz\u0105c dialog interakcji z u\u017cytkownikiem, mo\u017cna wykorzysta\u0107 dowolne z dost\u0119pnych w systemie wid\u017cet\u00f3w.<\/p>\n","protected":false},"author":2,"featured_media":0,"parent":485,"menu_order":3,"comment_status":"closed","ping_status":"closed","template":"template-kategoria-z-obrazkiem.php","meta":[],"tags":[33,34,32,30,31],"_links":{"self":[{"href":"http:\/\/developer.edokumenty.eu\/index.php\/wp-json\/wp\/v2\/pages\/493"}],"collection":[{"href":"http:\/\/developer.edokumenty.eu\/index.php\/wp-json\/wp\/v2\/pages"}],"about":[{"href":"http:\/\/developer.edokumenty.eu\/index.php\/wp-json\/wp\/v2\/types\/page"}],"author":[{"embeddable":true,"href":"http:\/\/developer.edokumenty.eu\/index.php\/wp-json\/wp\/v2\/users\/2"}],"replies":[{"embeddable":true,"href":"http:\/\/developer.edokumenty.eu\/index.php\/wp-json\/wp\/v2\/comments?post=493"}],"version-history":[{"count":26,"href":"http:\/\/developer.edokumenty.eu\/index.php\/wp-json\/wp\/v2\/pages\/493\/revisions"}],"predecessor-version":[{"id":3438,"href":"http:\/\/developer.edokumenty.eu\/index.php\/wp-json\/wp\/v2\/pages\/493\/revisions\/3438"}],"up":[{"embeddable":true,"href":"http:\/\/developer.edokumenty.eu\/index.php\/wp-json\/wp\/v2\/pages\/485"}],"wp:attachment":[{"href":"http:\/\/developer.edokumenty.eu\/index.php\/wp-json\/wp\/v2\/media?parent=493"}],"wp:term":[{"taxonomy":"post_tag","embeddable":true,"href":"http:\/\/developer.edokumenty.eu\/index.php\/wp-json\/wp\/v2\/tags?post=493"}],"curies":[{"name":"wp","href":"https:\/\/api.w.org\/{rel}","templated":true}]}}