{"id":483,"date":"2015-12-11T13:24:53","date_gmt":"2015-12-11T12:24:53","guid":{"rendered":"http:\/\/dokumentacja.edokumenty.eu\/?page_id=483"},"modified":"2016-10-27T11:58:48","modified_gmt":"2016-10-27T09:58:48","slug":"model-obiektowy","status":"publish","type":"page","link":"http:\/\/developer.edokumenty.eu\/index.php\/dokumentacja-online-systemu-edokumenty\/architektura\/model-obiektowy\/","title":{"rendered":"Model obiektowy"},"content":{"rendered":"<p>Zaawansowany model obiektowy w systemie eDokumenty pozwala za ich pomoc\u0105 na \u0142atwiejsze kreowanie logiki biznesowej, \u0142\u0105czenie, ustawianie atrybut\u00f3w oraz operacje.<\/p>\n<p>Jednocze\u015bnie system pilnuje by obiekty te by\u0142y integralne, niezale\u017cnie jak\u0105 metod\u0105 s\u0105 tworzone (np. poprzez sktypty, API itp).<\/p>\n<p><a href=\"http:\/\/developer.edokumenty.eu\/wp-content\/uploads\/2015\/12\/glowne-obiekty-biznesowe.png\"><img loading=\"lazy\" class=\"alignnone wp-image-1093\" src=\"http:\/\/developer.edokumenty.eu\/wp-content\/uploads\/2015\/12\/glowne-obiekty-biznesowe.png\" alt=\"glowne-obiekty-biznesowe\" width=\"600\" height=\"691\" srcset=\"http:\/\/developer.edokumenty.eu\/wp-content\/uploads\/2015\/12\/glowne-obiekty-biznesowe.png 882w, http:\/\/developer.edokumenty.eu\/wp-content\/uploads\/2015\/12\/glowne-obiekty-biznesowe-260x300.png 260w, http:\/\/developer.edokumenty.eu\/wp-content\/uploads\/2015\/12\/glowne-obiekty-biznesowe-768x885.png 768w\" sizes=\"(max-width: 600px) 100vw, 600px\" \/><\/a><\/p>\n<p>Metody wywo\u0142a\u0144 poszczeg\u00f3lnych obiekt\u00f3w opisane s\u0105 tutaj:<\/p>\n<p><a href=\"http:\/\/support.edokumenty.eu\/trac\/wiki\/DeployerGuide\/Others\/eDokumentyApi\">eDokumentyApi<\/a><\/p>\n<p>&nbsp;<\/p>\n","protected":false},"excerpt":{"rendered":"<p>Zaawansowany model obiektowy w systemie eDokumenty pozwala za ich pomoc\u0105 na \u0142atwiejsze kreowanie logiki biznesowej, \u0142\u0105czenie, ustawianie atrybut\u00f3w oraz operacje. Jednocze\u015bnie system pilnuje by obiekty te by\u0142y integralne, niezale\u017cnie jak\u0105 metod\u0105 s\u0105 tworzone (np. poprzez sktypty, API itp). Metody wywo\u0142a\u0144 poszczeg\u00f3lnych obiekt\u00f3w opisane s\u0105 tutaj: eDokumentyApi &nbsp;<\/p>\n","protected":false},"author":2,"featured_media":0,"parent":475,"menu_order":2,"comment_status":"closed","ping_status":"closed","template":"","meta":[],"tags":[17,18,15,16],"_links":{"self":[{"href":"http:\/\/developer.edokumenty.eu\/index.php\/wp-json\/wp\/v2\/pages\/483"}],"collection":[{"href":"http:\/\/developer.edokumenty.eu\/index.php\/wp-json\/wp\/v2\/pages"}],"about":[{"href":"http:\/\/developer.edokumenty.eu\/index.php\/wp-json\/wp\/v2\/types\/page"}],"author":[{"embeddable":true,"href":"http:\/\/developer.edokumenty.eu\/index.php\/wp-json\/wp\/v2\/users\/2"}],"replies":[{"embeddable":true,"href":"http:\/\/developer.edokumenty.eu\/index.php\/wp-json\/wp\/v2\/comments?post=483"}],"version-history":[{"count":5,"href":"http:\/\/developer.edokumenty.eu\/index.php\/wp-json\/wp\/v2\/pages\/483\/revisions"}],"predecessor-version":[{"id":1097,"href":"http:\/\/developer.edokumenty.eu\/index.php\/wp-json\/wp\/v2\/pages\/483\/revisions\/1097"}],"up":[{"embeddable":true,"href":"http:\/\/developer.edokumenty.eu\/index.php\/wp-json\/wp\/v2\/pages\/475"}],"wp:attachment":[{"href":"http:\/\/developer.edokumenty.eu\/index.php\/wp-json\/wp\/v2\/media?parent=483"}],"wp:term":[{"taxonomy":"post_tag","embeddable":true,"href":"http:\/\/developer.edokumenty.eu\/index.php\/wp-json\/wp\/v2\/tags?post=483"}],"curies":[{"name":"wp","href":"https:\/\/api.w.org\/{rel}","templated":true}]}}