{"id":445,"date":"2015-12-10T13:42:22","date_gmt":"2015-12-10T12:42:22","guid":{"rendered":"http:\/\/dokumentacja.edokumenty.eu\/?page_id=445"},"modified":"2016-10-25T12:23:36","modified_gmt":"2016-10-25T10:23:36","slug":"tworzenie-wlasnej-aplikacji","status":"publish","type":"page","link":"http:\/\/developer.edokumenty.eu\/index.php\/tutoriale\/tworzenie-wlasnej-aplikacji\/","title":{"rendered":"Tworzenie w\u0142asnej aplikacji"},"content":{"rendered":"<p>System eDokumenty pozwala na tworzenie w\u0142asnych aplikacji. Proces ten jest podzielony na kilka cz\u0119\u015bci i wymaga zar\u00f3wno dost\u0119pu do systemu eDokumenty z rozbudowanymi uprawnieniami, jak i dost\u0119pu do systemu plik\u00f3w instalacji.<\/p>\n<p>Od osoby tworz\u0105cej modu\u0142 wymagane s\u0105 znajomo\u015bci:<\/p>\n<ul>\n<li>XML \u2013 w stopniu podstawowym<\/li>\n<li>HTML i CSS \u2013 w stopniu umo\u017cliwiaj\u0105cym tworzenie szablon\u00f3w<\/li>\n<li>JavaScript - w przypadku tworzenia skrypt\u00f3w JS (nie wymaganych w przypadku prostych modu\u0142\u00f3w)<\/li>\n<li>PHP - w stopniu umo\u017cliwiaj\u0105cym pisanie skrypt\u00f3w<\/li>\n<\/ul>\n","protected":false},"excerpt":{"rendered":"<p>System eDokumenty pozwala na tworzenie w\u0142asnych aplikacji. Proces ten jest podzielony na kilka cz\u0119\u015bci i wymaga zar\u00f3wno dost\u0119pu do systemu eDokumenty z rozbudowanymi uprawnieniami, jak i dost\u0119pu do systemu plik\u00f3w instalacji. Od osoby tworz\u0105cej modu\u0142 wymagane s\u0105 znajomo\u015bci: XML \u2013 w stopniu podstawowym HTML i CSS \u2013 w stopniu umo\u017cliwiaj\u0105cym tworzenie szablon\u00f3w JavaScript - w [&hellip;]<\/p>\n","protected":false},"author":2,"featured_media":0,"parent":443,"menu_order":0,"comment_status":"closed","ping_status":"closed","template":"template-kategoria.php","meta":[],"tags":[125,53,50,52,162,51],"_links":{"self":[{"href":"http:\/\/developer.edokumenty.eu\/index.php\/wp-json\/wp\/v2\/pages\/445"}],"collection":[{"href":"http:\/\/developer.edokumenty.eu\/index.php\/wp-json\/wp\/v2\/pages"}],"about":[{"href":"http:\/\/developer.edokumenty.eu\/index.php\/wp-json\/wp\/v2\/types\/page"}],"author":[{"embeddable":true,"href":"http:\/\/developer.edokumenty.eu\/index.php\/wp-json\/wp\/v2\/users\/2"}],"replies":[{"embeddable":true,"href":"http:\/\/developer.edokumenty.eu\/index.php\/wp-json\/wp\/v2\/comments?post=445"}],"version-history":[{"count":18,"href":"http:\/\/developer.edokumenty.eu\/index.php\/wp-json\/wp\/v2\/pages\/445\/revisions"}],"predecessor-version":[{"id":3669,"href":"http:\/\/developer.edokumenty.eu\/index.php\/wp-json\/wp\/v2\/pages\/445\/revisions\/3669"}],"up":[{"embeddable":true,"href":"http:\/\/developer.edokumenty.eu\/index.php\/wp-json\/wp\/v2\/pages\/443"}],"wp:attachment":[{"href":"http:\/\/developer.edokumenty.eu\/index.php\/wp-json\/wp\/v2\/media?parent=445"}],"wp:term":[{"taxonomy":"post_tag","embeddable":true,"href":"http:\/\/developer.edokumenty.eu\/index.php\/wp-json\/wp\/v2\/tags?post=445"}],"curies":[{"name":"wp","href":"https:\/\/api.w.org\/{rel}","templated":true}]}}