{"id":426,"date":"2015-11-16T22:17:23","date_gmt":"2015-11-16T21:17:23","guid":{"rendered":"http:\/\/dokumentacja.edokumenty.eu\/?page_id=426"},"modified":"2017-03-13T08:06:31","modified_gmt":"2017-03-13T07:06:31","slug":"wprowadzenie","status":"publish","type":"page","link":"http:\/\/developer.edokumenty.eu\/","title":{"rendered":"Wprowadzenie"},"content":{"rendered":"<p>Yo Developer!<\/p>\n<p>Niniejsza dokumentacja powinna obejmowa\u0107 wszystkie\u00a0elementy konieczne do rozwijania platformy i\u00a0aplikacji eDokumenty:<\/p>\n<h2>GUI (Graficzny Interfejs U\u017cytkownika)<\/h2>\n<p><strong>Widoki danych<\/strong><br \/>\n<a href=\"http:\/\/developer.edokumenty.eu\/index.php\/dokumentacja-online-systemu-edokumenty\/ui-elements\/listy-dbtable-simpletable\">Tabele (DBtable, SimpleTable)<\/a><br \/>\n<a href=\"http:\/\/support.edokumenty.eu\/trac\/wiki\/DeployerGuide\/Others\/WorkingWithFlexy\">Szablony Flexy<\/a><\/p>\n<p><strong>Przyciski i wywo\u0142ania funkcji<\/strong><br \/>\n<a href=\"http:\/\/developer.edokumenty.eu\/index.php\/dokumentacja-online-systemu-edokumenty\/ui-elements\/toolbar-i-przyciski\/\">Pasek zada\u0144 i przyciski<\/a><\/p>\n<p><strong>Dialogi i formatki<\/strong><br \/>\nSystemowe - wywo\u0142ania dialog\u00f3w i kartotek<br \/>\n<a href=\"http:\/\/developer.edokumenty.eu\/index.php\/dokumentacja-online-systemu-edokumenty\/dostep-i-przetwarzanie-danych\/jscript\/okienka-komunikatow\/\">Wywo\u0142ania komunikat\u00f3w (MessageBox)<\/a><br \/>\n<a href=\"http:\/\/developer.edokumenty.eu\/index.php\/dokumentacja-online-systemu-edokumenty\/ui-elements\/formularze-dialogi-i-kartoteki\/\">Tworzenie w\u0142asnych<\/a><\/p>\n<p><strong>Widgety<\/strong><br \/>\n<a href=\"http:\/\/developer.edokumenty.eu\/index.php\/dokumentacja-online-systemu-edokumenty\/ui-elements\/widgety\/\">Pola, listy opcji, lookupy ...<\/a><br \/>\n<a href=\"http:\/\/developer.edokumenty.eu\/index.php\/dokumentacja-online-systemu-edokumenty\/ui-elements\/drzewka\/\">Drzewka<\/a><\/p>\n<p>&nbsp;<\/p>\n<h2>SOA (Us\u0142ugi)<\/h2>\n<ol>\n<li>Udost\u0119pniania i zarz\u0105dzania danymi systemu\n<ol>\n<li><a href=\"http:\/\/developer.edokumenty.eu\/index.php\/dokumentacja-online-systemu-edokumenty\/architektura\/api\/\">API (SOAP, REST i DirectAPI)<\/a><\/li>\n<li><a href=\"http:\/\/support.edokumenty.eu\/trac\/wiki\/UserGuide\/Others\/vdisk\">WebDAV<\/a><\/li>\n<li><a href=\"http:\/\/support.edokumenty.eu\/trac\/wiki\/UserGuide\/AdvancedConfiguration\/Smartphones\">CalDAV<\/a><\/li>\n<li><a href=\"http:\/\/developer.edokumenty.eu\/index.php\/dokumentacja-online-systemu-edokumenty\/dostep-i-przetwarzanie-danych\/pgmanager\/\">SQL (tylko do odczytu)<\/a><\/li>\n<\/ol>\n<\/li>\n<li>Dost\u0119pu do danych zewn\u0119trznych\n<ol>\n<li><a href=\"http:\/\/support.edokumenty.eu\/trac\/wiki\/DeployerGuide\/Customization\/Integration\">ESB (BsConnect - us\u0142ugi integracyjne)<\/a><\/li>\n<li><a href=\"http:\/\/support.edokumenty.eu\/trac\/wiki\/DeployerGuide\/Customization\/EmailsInBackground\">IMAP<\/a><\/li>\n<li><a href=\"http:\/\/developer.edokumenty.eu\/index.php\/dokumentacja-online-systemu-edokumenty\/dostep-i-przetwarzanie-danych\/polaczenia-z-bazami\/\">Adaptery baz danych<\/a><\/li>\n<\/ol>\n<\/li>\n<\/ol>\n<p>&nbsp;<\/p>\n<h2>Obiekty (Model obiektowy)<\/h2>\n<p><a href=\"http:\/\/developer.edokumenty.eu\/index.php\/dokumentacja-online-systemu-edokumenty\/architektura\/model-obiektowy\/\">Model obiektowy<\/a><\/p>\n<p>&nbsp;<\/p>\n<h2>System bezpiecze\u0144stwa<\/h2>\n<p><strong>ACL - Dost\u0119p do danych<\/strong><\/p>\n<ul>\n<li><a href=\"http:\/\/support.edokumenty.eu\/trac\/wiki\/UserGuideV5\/Landing\/Permissions\">Struktura organizacyjna<\/a><\/li>\n<li>Sprawy<\/li>\n<li>Klienci<\/li>\n<li><a href=\"http:\/\/support.edokumenty.eu\/trac\/wiki\/UserGuideV5\/Documents\/Permissions\">Dokumenty<\/a><\/li>\n<li>Rejestry<\/li>\n<\/ul>\n<p><strong>Dost\u0119p do modu\u0142\u00f3w, funkcji, przywileje i ograniczenia<\/strong><\/p>\n<ul>\n<li><a href=\"http:\/\/support.edokumenty.eu\/trac\/wiki\/Documentation\/Index\/PermissionList\">Wykaz uprawnie\u0144 systemowych<\/a><\/li>\n<\/ul>\n<p>&nbsp;<\/p>\n<h2>BPM (Modelowanie proces\u00f3w)<\/h2>\n<p><a href=\"http:\/\/support.edokumenty.eu\/trac\/wiki\/DeployerGuide\/Customization\/ProcessAutomation\">Modelowanie proces\u00f3w <\/a><\/p>\n<p>&nbsp;<\/p>\n<p>Dokumentacja pomocna w tworzeniu rozszerze\u0144 dost\u0119pna jest na wiki (<a href=\"http:\/\/support.edokumenty.eu\">http:\/\/support.edokumenty.eu<\/a>).<\/p>\n<p>&nbsp;<\/p>\n","protected":false},"excerpt":{"rendered":"<p>Yo Developer! Niniejsza dokumentacja powinna obejmowa\u0107 wszystkie\u00a0elementy konieczne do rozwijania platformy i\u00a0aplikacji eDokumenty: GUI (Graficzny Interfejs U\u017cytkownika) Widoki danych Tabele (DBtable, SimpleTable) Szablony Flexy Przyciski i wywo\u0142ania funkcji Pasek zada\u0144 i przyciski Dialogi i formatki Systemowe - wywo\u0142ania dialog\u00f3w i kartotek Wywo\u0142ania komunikat\u00f3w (MessageBox) Tworzenie w\u0142asnych Widgety Pola, listy opcji, lookupy ... Drzewka &nbsp; SOA [&hellip;]<\/p>\n","protected":false},"author":2,"featured_media":0,"parent":50,"menu_order":0,"comment_status":"closed","ping_status":"closed","template":"","meta":[],"tags":[96,95],"_links":{"self":[{"href":"http:\/\/developer.edokumenty.eu\/index.php\/wp-json\/wp\/v2\/pages\/426"}],"collection":[{"href":"http:\/\/developer.edokumenty.eu\/index.php\/wp-json\/wp\/v2\/pages"}],"about":[{"href":"http:\/\/developer.edokumenty.eu\/index.php\/wp-json\/wp\/v2\/types\/page"}],"author":[{"embeddable":true,"href":"http:\/\/developer.edokumenty.eu\/index.php\/wp-json\/wp\/v2\/users\/2"}],"replies":[{"embeddable":true,"href":"http:\/\/developer.edokumenty.eu\/index.php\/wp-json\/wp\/v2\/comments?post=426"}],"version-history":[{"count":43,"href":"http:\/\/developer.edokumenty.eu\/index.php\/wp-json\/wp\/v2\/pages\/426\/revisions"}],"predecessor-version":[{"id":1352,"href":"http:\/\/developer.edokumenty.eu\/index.php\/wp-json\/wp\/v2\/pages\/426\/revisions\/1352"}],"up":[{"embeddable":true,"href":"http:\/\/developer.edokumenty.eu\/index.php\/wp-json\/wp\/v2\/pages\/50"}],"wp:attachment":[{"href":"http:\/\/developer.edokumenty.eu\/index.php\/wp-json\/wp\/v2\/media?parent=426"}],"wp:term":[{"taxonomy":"post_tag","embeddable":true,"href":"http:\/\/developer.edokumenty.eu\/index.php\/wp-json\/wp\/v2\/tags?post=426"}],"curies":[{"name":"wp","href":"https:\/\/api.w.org\/{rel}","templated":true}]}}