{"id":4116,"date":"2018-04-26T16:26:43","date_gmt":"2018-04-26T14:26:43","guid":{"rendered":"http:\/\/developer.edokumenty.eu\/?page_id=4116"},"modified":"2018-04-26T16:26:43","modified_gmt":"2018-04-26T14:26:43","slug":"log","status":"publish","type":"page","link":"http:\/\/developer.edokumenty.eu\/index.php\/dokumentacja-online-systemu-edokumenty\/dostep-i-przetwarzanie-danych\/log\/","title":{"rendered":"Log"},"content":{"rendered":"<p>Klasa Log umo\u017cliwia prowadzenie historii operacji do w\u0142asnego katalogu w edokumenty\/var\/log\/{m\u00f3j folder z logiem}.<\/p>\n<p>Poni\u017cej zamieszczamy przyk\u0142ad u\u017cycia.<\/p>\n<div class=\"code-highlight code-highlight-with-label\" data-label=\"PHP\"><span class=\"js-copy-to-clipboard copy-code\">copy<\/span>\n\t<pre><code class=\"language-php js-code\">\nrequire_once('.\/classes\/Log\/Log.inc');\r\n$dir\u00a0=\u00a0'Katalog';\r\n$logFileName\u00a0=\u00a0'MyFileLog'.date('_Y_m_d_H_i');\u00a0\/\/Do\u00a0pliku\u00a0dodajemy\u00a0dat\u0119\r\n$log\u00a0=\u00a0new\u00a0Log(Log::FILE_LOG_WRITER);\r\n$log-&gt;setWriterConfig(Log::FILE_LOG_WRITER,\u00a0['fileName'\u00a0=&gt;\u00a0$logFileName]);\r\n\r\n\r\n\/\/Przyk\u0142ad\u00a0wpisu\u00a0do\u00a0logu.\r\n\/\/Pierwszy\u00a0parametr\u00a0to\u00a0wiadomo\u015b\u0107\u00a0tekstowa,\u00a0kt\u00f3ra\u00a0zostanie\u00a0zapisana\u00a0w\u00a0pliku\r\n\/\/Drugi\u00a0parametr\u00a0to\u00a0nazwa\u00a0katalogu\u00a0w\u00a0kt\u00f3rym\u00a0b\u0119dzie\u00a0si\u0119\u00a0znajowa\u0142\u00a0nasz\u00a0log\r\n$log-&gt;write('Uruchomi\u0142e\u015b\u00a0skrypt',\u00a0$dir);\n<\/code><\/pre><\/div>\n","protected":false},"excerpt":{"rendered":"<p>Klasa Log umo\u017cliwia prowadzenie historii operacji do w\u0142asnego katalogu w edokumenty\/var\/log\/{m\u00f3j folder z logiem}. Poni\u017cej zamieszczamy przyk\u0142ad u\u017cycia.<\/p>\n","protected":false},"author":3,"featured_media":0,"parent":502,"menu_order":0,"comment_status":"closed","ping_status":"closed","template":"","meta":[],"tags":[945],"_links":{"self":[{"href":"http:\/\/developer.edokumenty.eu\/index.php\/wp-json\/wp\/v2\/pages\/4116"}],"collection":[{"href":"http:\/\/developer.edokumenty.eu\/index.php\/wp-json\/wp\/v2\/pages"}],"about":[{"href":"http:\/\/developer.edokumenty.eu\/index.php\/wp-json\/wp\/v2\/types\/page"}],"author":[{"embeddable":true,"href":"http:\/\/developer.edokumenty.eu\/index.php\/wp-json\/wp\/v2\/users\/3"}],"replies":[{"embeddable":true,"href":"http:\/\/developer.edokumenty.eu\/index.php\/wp-json\/wp\/v2\/comments?post=4116"}],"version-history":[{"count":1,"href":"http:\/\/developer.edokumenty.eu\/index.php\/wp-json\/wp\/v2\/pages\/4116\/revisions"}],"predecessor-version":[{"id":4117,"href":"http:\/\/developer.edokumenty.eu\/index.php\/wp-json\/wp\/v2\/pages\/4116\/revisions\/4117"}],"up":[{"embeddable":true,"href":"http:\/\/developer.edokumenty.eu\/index.php\/wp-json\/wp\/v2\/pages\/502"}],"wp:attachment":[{"href":"http:\/\/developer.edokumenty.eu\/index.php\/wp-json\/wp\/v2\/media?parent=4116"}],"wp:term":[{"taxonomy":"post_tag","embeddable":true,"href":"http:\/\/developer.edokumenty.eu\/index.php\/wp-json\/wp\/v2\/tags?post=4116"}],"curies":[{"name":"wp","href":"https:\/\/api.w.org\/{rel}","templated":true}]}}