{"id":3725,"date":"2017-09-29T11:25:47","date_gmt":"2017-09-29T09:25:47","guid":{"rendered":"http:\/\/developer.edokumenty.eu\/?page_id=3725"},"modified":"2017-09-29T11:26:45","modified_gmt":"2017-09-29T09:26:45","slug":"workflow","status":"publish","type":"page","link":"http:\/\/developer.edokumenty.eu\/index.php\/dokumentacja-online-systemu-edokumenty\/rozwiazania-wdrozeniowe\/workflow\/","title":{"rendered":"Workflow"},"content":{"rendered":"<p>Procedury workflow oparte s\u0105 o notacj\u0119 BPMN i uwzgl\u0119dniaj\u0105 wszystkie najwa\u017cniejsze elementy tej notacji. Sk\u0142adaj\u0105 si\u0119 na ni\u0105:<\/p>\n<ul>\n<li>Etapy (Czynno\u015bci - bloczki)<\/li>\n<li>Przej\u015bcia (strza\u0142ki)<\/li>\n<li>Decyzje (diament powoduj\u0105cy wy\u015bwietlenie decyzji dla u\u017cytkownika)<\/li>\n<li>Warunki (diament dokonuj\u0105cy ewaluacji warunk\u00f3w SQL)<\/li>\n<li>Z\u0142\u0105czenia (JOIN - w przypadku wymagania spe\u0142nienia poprzednich etap\u00f3w)<\/li>\n<li>P\u0119tle multi-instance z podprocesami (etapy ze znakiem +)<\/li>\n<li>Dane wej\u015bciowe (mo\u017cliwo\u015b\u0107 pobrania od u\u017cytkownika danych r\u00f3\u017cnego typu: znakowe, liczbowe, listy pracownik\u00f3w, listy wyboru pobierane ze s\u0142ownik\u00f3w kwerendami SQL itp).<\/li>\n<li>W\u0142a\u015bciwo\u015bci (definiowalne zmienne)<\/li>\n<li>Przypisania (mo\u017cliwo\u015b\u0107 operowania na zmiennych)<\/li>\n<\/ul>\n<p><a href=\"http:\/\/developer.edokumenty.eu\/wp-content\/uploads\/2017\/09\/procedury_01.png\"><img loading=\"lazy\" class=\"alignnone size-large wp-image-3728\" src=\"http:\/\/developer.edokumenty.eu\/wp-content\/uploads\/2017\/09\/procedury_01-1024x569.png\" alt=\"\" width=\"1024\" height=\"569\" srcset=\"http:\/\/developer.edokumenty.eu\/wp-content\/uploads\/2017\/09\/procedury_01-1024x569.png 1024w, http:\/\/developer.edokumenty.eu\/wp-content\/uploads\/2017\/09\/procedury_01-300x167.png 300w, http:\/\/developer.edokumenty.eu\/wp-content\/uploads\/2017\/09\/procedury_01-768x427.png 768w, http:\/\/developer.edokumenty.eu\/wp-content\/uploads\/2017\/09\/procedury_01.png 1135w\" sizes=\"(max-width: 1024px) 100vw, 1024px\" \/><\/a><\/p>\n<p>Konfiguracja procedur pozwala tworzy\u0107 mapy proces\u00f3w odnosz\u0105ce si\u0119 zar\u00f3wno do dokument\u00f3w jak i spraw<\/p>\n<p>&nbsp;<\/p>\n","protected":false},"excerpt":{"rendered":"<p>Procedury workflow oparte s\u0105 o notacj\u0119 BPMN i uwzgl\u0119dniaj\u0105 wszystkie najwa\u017cniejsze elementy tej notacji. Sk\u0142adaj\u0105 si\u0119 na ni\u0105: Etapy (Czynno\u015bci - bloczki) Przej\u015bcia (strza\u0142ki) Decyzje (diament powoduj\u0105cy wy\u015bwietlenie decyzji dla u\u017cytkownika) Warunki (diament dokonuj\u0105cy ewaluacji warunk\u00f3w SQL) Z\u0142\u0105czenia (JOIN - w przypadku wymagania spe\u0142nienia poprzednich etap\u00f3w) P\u0119tle multi-instance z podprocesami (etapy ze znakiem +) Dane [&hellip;]<\/p>\n","protected":false},"author":41,"featured_media":0,"parent":3718,"menu_order":0,"comment_status":"closed","ping_status":"closed","template":"","meta":[],"tags":[],"_links":{"self":[{"href":"http:\/\/developer.edokumenty.eu\/index.php\/wp-json\/wp\/v2\/pages\/3725"}],"collection":[{"href":"http:\/\/developer.edokumenty.eu\/index.php\/wp-json\/wp\/v2\/pages"}],"about":[{"href":"http:\/\/developer.edokumenty.eu\/index.php\/wp-json\/wp\/v2\/types\/page"}],"author":[{"embeddable":true,"href":"http:\/\/developer.edokumenty.eu\/index.php\/wp-json\/wp\/v2\/users\/41"}],"replies":[{"embeddable":true,"href":"http:\/\/developer.edokumenty.eu\/index.php\/wp-json\/wp\/v2\/comments?post=3725"}],"version-history":[{"count":1,"href":"http:\/\/developer.edokumenty.eu\/index.php\/wp-json\/wp\/v2\/pages\/3725\/revisions"}],"predecessor-version":[{"id":3729,"href":"http:\/\/developer.edokumenty.eu\/index.php\/wp-json\/wp\/v2\/pages\/3725\/revisions\/3729"}],"up":[{"embeddable":true,"href":"http:\/\/developer.edokumenty.eu\/index.php\/wp-json\/wp\/v2\/pages\/3718"}],"wp:attachment":[{"href":"http:\/\/developer.edokumenty.eu\/index.php\/wp-json\/wp\/v2\/media?parent=3725"}],"wp:term":[{"taxonomy":"post_tag","embeddable":true,"href":"http:\/\/developer.edokumenty.eu\/index.php\/wp-json\/wp\/v2\/tags?post=3725"}],"curies":[{"name":"wp","href":"https:\/\/api.w.org\/{rel}","templated":true}]}}