{"id":3718,"date":"2017-09-29T11:05:41","date_gmt":"2017-09-29T09:05:41","guid":{"rendered":"http:\/\/developer.edokumenty.eu\/?page_id=3718"},"modified":"2017-09-29T11:14:19","modified_gmt":"2017-09-29T09:14:19","slug":"rozwiazania-wdrozeniowe","status":"publish","type":"page","link":"http:\/\/developer.edokumenty.eu\/index.php\/dokumentacja-online-systemu-edokumenty\/rozwiazania-wdrozeniowe\/","title":{"rendered":"Rozwi\u0105zania wdro\u017ceniowe"},"content":{"rendered":"<p>Celem wdro\u017cenia systemu eDokumenty jest skonfigurowanie systemu oraz dostarczenie U\u017cytkownikom takiego zakresu wiedzy, kt\u00f3ry pozwoli na rozwi\u0105zanie zdefiniowanych w analizie problem\u00f3w i uzyskanie innych zaplanowanych w niej korzy\u015bci przy akceptowalnym dla Klienta poziomie koszt\u00f3w.<\/p>\n<p>Do poprawnego wdro\u017cenia systemu wymagany jest szeroki zakres wiedzy obejmuj\u0105cy m.in. oferowane przez system mo\u017cliwo\u015bci, proponowane sposoby pracy z klientem i procedury dokumentowania wdro\u017cenia.<\/p>\n<p>W niniejszym przewodniku b\u0119dziemy chcieli przekaza\u0107 Tobie nasze do\u015bwiadczenia zwi\u0105zane z wdra\u017caniem systemu, kt\u00f3re pozwol\u0105 na szybkie zapoznanie si\u0119 z szerok\u0105 problematyk\u0105 wdro\u017ce\u0144 tego typu system\u00f3w.<\/p>\n<p>Przewodnik zawiera dwie metody wdro\u017cenia, jedn\u0105 pe\u0142n\u0105, kt\u00f3ra znakomicie sprawdza si\u0119 przy du\u017cych wdro\u017ceniach. Zawiera w sobie us\u0142ug\u0119 analizy przedwdro\u017ceniowej kt\u00f3ra powoduje \u017ce zanim przyst\u0105pimy do wdro\u017cenia, znany jest jego w miar\u0119 dok\u0142adny zakres. Jest to tym bardziej istotne je\u017celi wymagania klienta zebrane podczas prezentacji lub innych spotka\u0144, znacznie odbiegaj\u0105 od funkcjonalno\u015bci dost\u0119pnej \"z pude\u0142ka\".<\/p>\n","protected":false},"excerpt":{"rendered":"<p>Celem wdro\u017cenia systemu eDokumenty jest skonfigurowanie systemu oraz dostarczenie U\u017cytkownikom takiego zakresu wiedzy, kt\u00f3ry pozwoli na rozwi\u0105zanie zdefiniowanych w analizie problem\u00f3w i uzyskanie innych zaplanowanych w niej korzy\u015bci przy akceptowalnym dla Klienta poziomie koszt\u00f3w. Do poprawnego wdro\u017cenia systemu wymagany jest szeroki zakres wiedzy obejmuj\u0105cy m.in. oferowane przez system mo\u017cliwo\u015bci, proponowane sposoby pracy z klientem i [&hellip;]<\/p>\n","protected":false},"author":41,"featured_media":0,"parent":50,"menu_order":10,"comment_status":"closed","ping_status":"closed","template":"","meta":[],"tags":[],"_links":{"self":[{"href":"http:\/\/developer.edokumenty.eu\/index.php\/wp-json\/wp\/v2\/pages\/3718"}],"collection":[{"href":"http:\/\/developer.edokumenty.eu\/index.php\/wp-json\/wp\/v2\/pages"}],"about":[{"href":"http:\/\/developer.edokumenty.eu\/index.php\/wp-json\/wp\/v2\/types\/page"}],"author":[{"embeddable":true,"href":"http:\/\/developer.edokumenty.eu\/index.php\/wp-json\/wp\/v2\/users\/41"}],"replies":[{"embeddable":true,"href":"http:\/\/developer.edokumenty.eu\/index.php\/wp-json\/wp\/v2\/comments?post=3718"}],"version-history":[{"count":2,"href":"http:\/\/developer.edokumenty.eu\/index.php\/wp-json\/wp\/v2\/pages\/3718\/revisions"}],"predecessor-version":[{"id":3720,"href":"http:\/\/developer.edokumenty.eu\/index.php\/wp-json\/wp\/v2\/pages\/3718\/revisions\/3720"}],"up":[{"embeddable":true,"href":"http:\/\/developer.edokumenty.eu\/index.php\/wp-json\/wp\/v2\/pages\/50"}],"wp:attachment":[{"href":"http:\/\/developer.edokumenty.eu\/index.php\/wp-json\/wp\/v2\/media?parent=3718"}],"wp:term":[{"taxonomy":"post_tag","embeddable":true,"href":"http:\/\/developer.edokumenty.eu\/index.php\/wp-json\/wp\/v2\/tags?post=3718"}],"curies":[{"name":"wp","href":"https:\/\/api.w.org\/{rel}","templated":true}]}}