{"id":257,"date":"2015-03-01T22:47:32","date_gmt":"2015-03-01T22:47:32","guid":{"rendered":"http:\/\/dokumentacja.edokumenty.eu\/?page_id=257"},"modified":"2016-11-17T11:14:43","modified_gmt":"2016-11-17T10:14:43","slug":"passwordinput","status":"publish","type":"page","link":"http:\/\/developer.edokumenty.eu\/index.php\/dokumentacja-online-systemu-edokumenty\/ui-elements\/widgety\/passwordinput\/","title":{"rendered":"PasswordInput"},"content":{"rendered":"<p>Pole tekstowe przeznaczone do wprowadzania has\u0142a. Wprowadzane znaki s\u0105 wy\u015bwietlane jako gwiazdki\/k\u00f3\u0142eczka, dzi\u0119ki czemu nie jest mo\u017cliwe odczytanie has\u0142a z ekranu przez inne osoby.<\/p>\n<p><a href=\"http:\/\/developer.edokumenty.eu\/wp-content\/uploads\/2015\/12\/passwordinput.png\"><img loading=\"lazy\" class=\"alignnone size-full wp-image-541\" src=\"http:\/\/developer.edokumenty.eu\/wp-content\/uploads\/2015\/12\/passwordinput.png\" alt=\"passwordinput\" width=\"180\" height=\"20\" \/><\/a><\/p>\n<p>Poni\u017cszy fragment kodu dodaje obiekt PasswordInput do okienka dialogowego.<\/p>\n<div class=\"code-highlight code-highlight-with-label\" data-label=\"PHP\"><span class=\"js-copy-to-clipboard copy-code\">copy<\/span>\n\t<pre><code class=\"language-php js-code\">\nrequire_once(LIB_PATH.'forms\/PasswordInput.inc');\r\n\r\n$ipass_\u00a0=\u00a0new\u00a0PasswordInput($this-&gt;name.'ipass_');\r\n$ipass_-&gt;setCssFormatting(NULL,\u00a0'width:180px;\u00a0position:absolute;\u00a0top:10px;\u00a0left:10px');\r\n$this-&gt;add($ipass_,\u00a0'ipass_');\n<\/code><\/pre><\/div>\n","protected":false},"excerpt":{"rendered":"<p>Pole tekstowe przeznaczone do wprowadzania has\u0142a. Wprowadzane znaki s\u0105 wy\u015bwietlane jako gwiazdki\/k\u00f3\u0142eczka, dzi\u0119ki czemu nie jest mo\u017cliwe odczytanie has\u0142a z ekranu przez inne osoby. Poni\u017cszy fragment kodu dodaje obiekt PasswordInput do okienka dialogowego.<\/p>\n","protected":false},"author":2,"featured_media":0,"parent":493,"menu_order":0,"comment_status":"closed","ping_status":"open","template":"","meta":[],"tags":[63,67,68,30],"_links":{"self":[{"href":"http:\/\/developer.edokumenty.eu\/index.php\/wp-json\/wp\/v2\/pages\/257"}],"collection":[{"href":"http:\/\/developer.edokumenty.eu\/index.php\/wp-json\/wp\/v2\/pages"}],"about":[{"href":"http:\/\/developer.edokumenty.eu\/index.php\/wp-json\/wp\/v2\/types\/page"}],"author":[{"embeddable":true,"href":"http:\/\/developer.edokumenty.eu\/index.php\/wp-json\/wp\/v2\/users\/2"}],"replies":[{"embeddable":true,"href":"http:\/\/developer.edokumenty.eu\/index.php\/wp-json\/wp\/v2\/comments?post=257"}],"version-history":[{"count":6,"href":"http:\/\/developer.edokumenty.eu\/index.php\/wp-json\/wp\/v2\/pages\/257\/revisions"}],"predecessor-version":[{"id":1224,"href":"http:\/\/developer.edokumenty.eu\/index.php\/wp-json\/wp\/v2\/pages\/257\/revisions\/1224"}],"up":[{"embeddable":true,"href":"http:\/\/developer.edokumenty.eu\/index.php\/wp-json\/wp\/v2\/pages\/493"}],"wp:attachment":[{"href":"http:\/\/developer.edokumenty.eu\/index.php\/wp-json\/wp\/v2\/media?parent=257"}],"wp:term":[{"taxonomy":"post_tag","embeddable":true,"href":"http:\/\/developer.edokumenty.eu\/index.php\/wp-json\/wp\/v2\/tags?post=257"}],"curies":[{"name":"wp","href":"https:\/\/api.w.org\/{rel}","templated":true}]}}