{"id":252,"date":"2015-03-01T22:27:11","date_gmt":"2015-03-01T22:27:11","guid":{"rendered":"http:\/\/dokumentacja.edokumenty.eu\/?page_id=252"},"modified":"2017-06-12T08:21:14","modified_gmt":"2017-06-12T06:21:14","slug":"calendarinput","status":"publish","type":"page","link":"http:\/\/developer.edokumenty.eu\/index.php\/dokumentacja-online-systemu-edokumenty\/ui-elements\/widgety\/calendarinput\/","title":{"rendered":"CalendarInput"},"content":{"rendered":"<p>Pole do wprowadzania daty i czasu.<\/p>\n<p><a href=\"http:\/\/developer.edokumenty.eu\/wp-content\/uploads\/2015\/12\/calendarinput-1.png\"><img loading=\"lazy\" class=\"wp-image-882 size-full alignnone\" src=\"http:\/\/developer.edokumenty.eu\/wp-content\/uploads\/2015\/12\/calendarinput-1.png\" width=\"258\" height=\"55\" \/><\/a><\/p>\n<p>Poni\u017cszy fragment kodu dodaje obiekt CalendarInput do okienka dialogowego.<\/p>\n<div class=\"code-highlight code-highlight-with-label\" data-label=\"PHP\"><span class=\"js-copy-to-clipboard copy-code\">copy<\/span>\n\t<pre><code class=\"language-php js-code\">\nrequire_once(LIB_PATH.'forms\/CalendarInput.inc');\r\n\r\n$fixdat\u00a0=\u00a0new\u00a0CalendarInput($this-&gt;name.'fixdat',\u00a0NULL);\r\n$fixdat-&gt;top\u00a0=\u00a0$top.'px';\r\n$fixdat-&gt;left\u00a0=\u00a0'10px';\r\n$this-&gt;add($fixdat,\u00a0'fixdat');\n<\/code><\/pre><\/div>\n<p>Warto\u015b\u0107 atrybutu\u00a0dateFormat okre\u015bla, czy pole ma obejmowa\u0107 dat\u0119 ('y-m-d'), godzin\u0119 ('h:i'), czy te\u017c data z godzin\u0105 ('y-m-d h:i').<\/p>\n<div class=\"code-highlight code-highlight-with-label\" data-label=\"PHP\"><span class=\"js-copy-to-clipboard copy-code\">copy<\/span>\n\t<pre><code class=\"language-php js-code\">\n$fixdat-&gt;dateFormat\u00a0=\u00a0'y-m-d\u00a0h:i';\n<\/code><\/pre><\/div>\n<p>Atrybut withClearButton okre\u015bla, czy widoczny ma by\u0107 przycisk kasowania warto\u015bci pola.<\/p>\n<div class=\"code-highlight code-highlight-with-label\" data-label=\"PHP\"><span class=\"js-copy-to-clipboard copy-code\">copy<\/span>\n\t<pre><code class=\"language-php js-code\">\n$fixdat-&gt;withClearButton\u00a0=\u00a0true;\n<\/code><\/pre><\/div>\n","protected":false},"excerpt":{"rendered":"<p>Pole do wprowadzania daty i czasu. Poni\u017cszy fragment kodu dodaje obiekt CalendarInput do okienka dialogowego. Warto\u015b\u0107 atrybutu\u00a0dateFormat okre\u015bla, czy pole ma obejmowa\u0107 dat\u0119 ('y-m-d'), godzin\u0119 ('h:i'), czy te\u017c data z godzin\u0105 ('y-m-d h:i'). Atrybut withClearButton okre\u015bla, czy widoczny ma by\u0107 przycisk kasowania warto\u015bci pola.<\/p>\n","protected":false},"author":2,"featured_media":0,"parent":493,"menu_order":0,"comment_status":"closed","ping_status":"open","template":"","meta":[],"tags":[69,70,63,30],"_links":{"self":[{"href":"http:\/\/developer.edokumenty.eu\/index.php\/wp-json\/wp\/v2\/pages\/252"}],"collection":[{"href":"http:\/\/developer.edokumenty.eu\/index.php\/wp-json\/wp\/v2\/pages"}],"about":[{"href":"http:\/\/developer.edokumenty.eu\/index.php\/wp-json\/wp\/v2\/types\/page"}],"author":[{"embeddable":true,"href":"http:\/\/developer.edokumenty.eu\/index.php\/wp-json\/wp\/v2\/users\/2"}],"replies":[{"embeddable":true,"href":"http:\/\/developer.edokumenty.eu\/index.php\/wp-json\/wp\/v2\/comments?post=252"}],"version-history":[{"count":8,"href":"http:\/\/developer.edokumenty.eu\/index.php\/wp-json\/wp\/v2\/pages\/252\/revisions"}],"predecessor-version":[{"id":1212,"href":"http:\/\/developer.edokumenty.eu\/index.php\/wp-json\/wp\/v2\/pages\/252\/revisions\/1212"}],"up":[{"embeddable":true,"href":"http:\/\/developer.edokumenty.eu\/index.php\/wp-json\/wp\/v2\/pages\/493"}],"wp:attachment":[{"href":"http:\/\/developer.edokumenty.eu\/index.php\/wp-json\/wp\/v2\/media?parent=252"}],"wp:term":[{"taxonomy":"post_tag","embeddable":true,"href":"http:\/\/developer.edokumenty.eu\/index.php\/wp-json\/wp\/v2\/tags?post=252"}],"curies":[{"name":"wp","href":"https:\/\/api.w.org\/{rel}","templated":true}]}}