{"id":246,"date":"2015-03-01T22:21:50","date_gmt":"2015-03-01T22:21:50","guid":{"rendered":"http:\/\/dokumentacja.edokumenty.eu\/?page_id=246"},"modified":"2017-09-01T09:56:25","modified_gmt":"2017-09-01T07:56:25","slug":"textinput","status":"publish","type":"page","link":"http:\/\/developer.edokumenty.eu\/index.php\/dokumentacja-online-systemu-edokumenty\/ui-elements\/widgety\/textinput\/","title":{"rendered":"TextInput"},"content":{"rendered":"<p>Pole tekstowe, jednowierszowe.<\/p>\n<p><a href=\"http:\/\/developer.edokumenty.eu\/wp-content\/uploads\/2015\/12\/TextInput.png\"><img loading=\"lazy\" class=\"wp-image-872 size-full alignnone\" src=\"http:\/\/developer.edokumenty.eu\/wp-content\/uploads\/2015\/12\/TextInput.png\" width=\"378\" height=\"56\" srcset=\"http:\/\/developer.edokumenty.eu\/wp-content\/uploads\/2015\/12\/TextInput.png 378w, http:\/\/developer.edokumenty.eu\/wp-content\/uploads\/2015\/12\/TextInput-300x44.png 300w\" sizes=\"(max-width: 378px) 100vw, 378px\" \/><\/a><\/p>\n<p>Poni\u017cszy fragment kodu dodaje do <a href=\"http:\/\/developer.edokumenty.eu\/index.php\/dokumentacja-online-systemu-edokumenty\/ui-elements\/formularze-dialogi-i-kartoteki\/skrypt-interaktywny\/\">okienka dialogowego<\/a> obiekt TextInput.<\/p>\n<div class=\"code-highlight code-highlight-with-label\" data-label=\"PHP\"><span class=\"js-copy-to-clipboard copy-code\">copy<\/span>\n\t<pre><code class=\"language-php js-code\">\nrequire_once(LIB_PATH.'forms\/TextInput.inc');\r\n\r\n$dscrpt\u00a0=\u00a0new\u00a0TextInput($this-&gt;name.'dscrpt');\r\n$dscrpt-&gt;setCssFormatting(NULL,\u00a0'width:180px;\u00a0position:absolute;\u00a0top:10px;\u00a0left:10px');\r\n$this-&gt;add($dscrpt,\u00a0'dscrpt');\n<\/code><\/pre><\/div>\n<p>&nbsp;<\/p>\n<p>Aby doda\u0107 <a href=\"http:\/\/www.w3schools.com\/TAgs\/att_input_placeholder.asp\">placeholder <\/a>\u00a0do TextInput wystarczy u\u017cy\u0107 poni\u017cszej funkcji.<\/p>\n<div class=\"code-highlight code-highlight-with-label\" data-label=\"PHP\"><span class=\"js-copy-to-clipboard copy-code\">copy<\/span>\n\t<pre><code class=\"language-php js-code\">\n$dscrpt-&gt;setPlaceholder('TS\/PK\/120\/1237\/16');\n<\/code><\/pre><\/div>\n<p>&nbsp;<\/p>\n","protected":false},"excerpt":{"rendered":"<p>Pole tekstowe, jednowierszowe. Poni\u017cszy fragment kodu dodaje do okienka dialogowego obiekt TextInput. &nbsp; Aby doda\u0107 placeholder \u00a0do TextInput wystarczy u\u017cy\u0107 poni\u017cszej funkcji. &nbsp;<\/p>\n","protected":false},"author":2,"featured_media":0,"parent":493,"menu_order":4,"comment_status":"closed","ping_status":"open","template":"template-deprecated.php","meta":[],"tags":[813,63,64,62,30],"_links":{"self":[{"href":"http:\/\/developer.edokumenty.eu\/index.php\/wp-json\/wp\/v2\/pages\/246"}],"collection":[{"href":"http:\/\/developer.edokumenty.eu\/index.php\/wp-json\/wp\/v2\/pages"}],"about":[{"href":"http:\/\/developer.edokumenty.eu\/index.php\/wp-json\/wp\/v2\/types\/page"}],"author":[{"embeddable":true,"href":"http:\/\/developer.edokumenty.eu\/index.php\/wp-json\/wp\/v2\/users\/2"}],"replies":[{"embeddable":true,"href":"http:\/\/developer.edokumenty.eu\/index.php\/wp-json\/wp\/v2\/comments?post=246"}],"version-history":[{"count":14,"href":"http:\/\/developer.edokumenty.eu\/index.php\/wp-json\/wp\/v2\/pages\/246\/revisions"}],"predecessor-version":[{"id":3642,"href":"http:\/\/developer.edokumenty.eu\/index.php\/wp-json\/wp\/v2\/pages\/246\/revisions\/3642"}],"up":[{"embeddable":true,"href":"http:\/\/developer.edokumenty.eu\/index.php\/wp-json\/wp\/v2\/pages\/493"}],"wp:attachment":[{"href":"http:\/\/developer.edokumenty.eu\/index.php\/wp-json\/wp\/v2\/media?parent=246"}],"wp:term":[{"taxonomy":"post_tag","embeddable":true,"href":"http:\/\/developer.edokumenty.eu\/index.php\/wp-json\/wp\/v2\/tags?post=246"}],"curies":[{"name":"wp","href":"https:\/\/api.w.org\/{rel}","templated":true}]}}