{"id":240,"date":"2015-03-01T21:59:21","date_gmt":"2015-03-01T21:59:21","guid":{"rendered":"http:\/\/dokumentacja.edokumenty.eu\/?page_id=240"},"modified":"2017-05-29T22:37:25","modified_gmt":"2017-05-29T20:37:25","slug":"etykieta","status":"publish","type":"page","link":"http:\/\/developer.edokumenty.eu\/index.php\/dokumentacja-online-systemu-edokumenty\/ui-elements\/widgety\/etykieta\/","title":{"rendered":"Label"},"content":{"rendered":"<p>Etykieta wykorzystywana w okienkach dialogowych jako opis odpowiadaj\u0105cego jej pola edycyjnego.<\/p>\n<p><img loading=\"lazy\" class=\"alignleft wp-image-873 size-full\" src=\"http:\/\/developer.edokumenty.eu\/wp-content\/uploads\/2015\/12\/label-1.png\" width=\"193\" height=\"51\" \/><\/p>\n<p>Poni\u017cszy fragment kodu\u00a0dodaje obiekt etykiety do okienka dialogowego.<\/p>\n<div class=\"code-highlight code-highlight-with-label\" data-label=\"PHP\"><span class=\"js-copy-to-clipboard copy-code\">copy<\/span>\n\t<pre><code class=\"language-php js-code\">\nrequire_once(LIB_PATH.'forms\/Label.inc');\r\n\r\n$symboll\u00a0=\u00a0new\u00a0Label($this-&gt;name.'symboll');\r\n$symboll-&gt;top\u00a0=\u00a0$top.'px';\r\n$symboll-&gt;left\u00a0=\u00a0'10px';\r\n$symboll-&gt;width\u00a0=\u00a0'120px';\r\n$symboll-&gt;height\u00a0=\u00a0'20px';\r\n$symboll-&gt;text\u00a0=\u00a0Translator::translate('Kod\u00a0produktu').':';\r\n$this-&gt;add($symboll);\n<\/code><\/pre><\/div>\n<p>Aby zaznaczy\u0107, \u017ce pole jest wymagane<\/p>\n<div class=\"code-highlight code-highlight-with-label\" data-label=\"PHP\"><span class=\"js-copy-to-clipboard copy-code\">copy<\/span>\n\t<pre><code class=\"language-php js-code\">\n$symboll-&gt;setRequired();\n<\/code><\/pre><\/div>\n<p>Dla etykiety mo\u017cesz tak\u017ce okre\u015bli\u0107 tekst podpowiedzi, w kt\u00f3rej zawarty b\u0119dzie dok\u0142adniejszy opis przeznaczenia danego pola, je\u015bli sama etykieta mo\u017ce nie by\u0107 wystarczaj\u0105co zrozumia\u0142a. Po dodaniu poni\u017cszego kodu, obok etykiety pojawi si\u0119 niebieska ikonka \"i\", nad kt\u00f3ra po najechaniu kursorem pojawi si\u0119 dymek z tre\u015bci\u0105 podpowiedzi.<\/p>\n<div class=\"code-highlight code-highlight-with-label\" data-label=\"PHP\"><span class=\"js-copy-to-clipboard copy-code\">copy<\/span>\n\t<pre><code class=\"language-php js-code\">\n$symboll-&gt;helpText\u00a0=\u00a0Translator::translate('Wpisz\u00a016-cyfrowy\u00a0kod\u00a0produktu');\n<\/code><\/pre><\/div>\n","protected":false},"excerpt":{"rendered":"<p>Etykieta wykorzystywana w okienkach dialogowych jako opis odpowiadaj\u0105cego jej pola edycyjnego. Poni\u017cszy fragment kodu\u00a0dodaje obiekt etykiety do okienka dialogowego. Aby zaznaczy\u0107, \u017ce pole jest wymagane Dla etykiety mo\u017cesz tak\u017ce okre\u015bli\u0107 tekst podpowiedzi, w kt\u00f3rej zawarty b\u0119dzie dok\u0142adniejszy opis przeznaczenia danego pola, je\u015bli sama etykieta mo\u017ce nie by\u0107 wystarczaj\u0105co zrozumia\u0142a. Po dodaniu poni\u017cszego kodu, obok etykiety [&hellip;]<\/p>\n","protected":false},"author":2,"featured_media":0,"parent":493,"menu_order":0,"comment_status":"closed","ping_status":"open","template":"","meta":[],"tags":[56,55,30],"_links":{"self":[{"href":"http:\/\/developer.edokumenty.eu\/index.php\/wp-json\/wp\/v2\/pages\/240"}],"collection":[{"href":"http:\/\/developer.edokumenty.eu\/index.php\/wp-json\/wp\/v2\/pages"}],"about":[{"href":"http:\/\/developer.edokumenty.eu\/index.php\/wp-json\/wp\/v2\/types\/page"}],"author":[{"embeddable":true,"href":"http:\/\/developer.edokumenty.eu\/index.php\/wp-json\/wp\/v2\/users\/2"}],"replies":[{"embeddable":true,"href":"http:\/\/developer.edokumenty.eu\/index.php\/wp-json\/wp\/v2\/comments?post=240"}],"version-history":[{"count":19,"href":"http:\/\/developer.edokumenty.eu\/index.php\/wp-json\/wp\/v2\/pages\/240\/revisions"}],"predecessor-version":[{"id":1443,"href":"http:\/\/developer.edokumenty.eu\/index.php\/wp-json\/wp\/v2\/pages\/240\/revisions\/1443"}],"up":[{"embeddable":true,"href":"http:\/\/developer.edokumenty.eu\/index.php\/wp-json\/wp\/v2\/pages\/493"}],"wp:attachment":[{"href":"http:\/\/developer.edokumenty.eu\/index.php\/wp-json\/wp\/v2\/media?parent=240"}],"wp:term":[{"taxonomy":"post_tag","embeddable":true,"href":"http:\/\/developer.edokumenty.eu\/index.php\/wp-json\/wp\/v2\/tags?post=240"}],"curies":[{"name":"wp","href":"https:\/\/api.w.org\/{rel}","templated":true}]}}