{"id":1456,"date":"2017-06-12T08:21:31","date_gmt":"2017-06-12T06:21:31","guid":{"rendered":"http:\/\/developer.edokumenty.eu\/?page_id=1456"},"modified":"2017-06-12T08:38:30","modified_gmt":"2017-06-12T06:38:30","slug":"colorpicker","status":"publish","type":"page","link":"http:\/\/developer.edokumenty.eu\/index.php\/dokumentacja-online-systemu-edokumenty\/ui-elements\/widgety\/colorpicker\/","title":{"rendered":"ColorPicker"},"content":{"rendered":"<p>Pole wyboru koloru.<\/p>\n<p><a href=\"http:\/\/developer.edokumenty.eu\/wp-content\/uploads\/2017\/06\/ColorPicker.png\"><img loading=\"lazy\" class=\"alignnone size-full wp-image-1457\" src=\"http:\/\/developer.edokumenty.eu\/wp-content\/uploads\/2017\/06\/ColorPicker.png\" alt=\"ColorPicker\" width=\"320\" height=\"352\" srcset=\"http:\/\/developer.edokumenty.eu\/wp-content\/uploads\/2017\/06\/ColorPicker.png 320w, http:\/\/developer.edokumenty.eu\/wp-content\/uploads\/2017\/06\/ColorPicker-273x300.png 273w\" sizes=\"(max-width: 320px) 100vw, 320px\" \/><\/a><\/p>\n<p>Poni\u017cszy fragment kodu dodaje obiekt ColorPicker do okienka dialogowego.<\/p>\n<div class=\"code-highlight code-highlight-with-label\" data-label=\"PHP\"><span class=\"js-copy-to-clipboard copy-code\">copy<\/span>\n\t<pre><code class=\"language-php js-code\">\nrequire_once(LIB_PATH.'widgets\/ColorPickerEx.inc');\r\n$colour\u00a0=\u00a0new\u00a0ColorPickerEx($this-&gt;name.'colour');\r\n$colour-&gt;top\u00a0=\u00a0'40px';\r\n$colour-&gt;left\u00a0=\u00a0'10px';\r\n$colour-&gt;width\u00a0=\u00a0'100px';\r\n$colour-&gt;height\u00a0=\u00a0'20px';\r\n$colour-&gt;class\u00a0=\u00a0'ModernFlat';\r\n$this-&gt;add($colour,\u00a0'colour');\n<\/code><\/pre><\/div>\n<p>Zwracana warto\u015b\u0107 jest w postaci\u00a0kodu HEX (np. #ffffff).<\/p>\n","protected":false},"excerpt":{"rendered":"<p>Pole wyboru koloru. Poni\u017cszy fragment kodu dodaje obiekt ColorPicker do okienka dialogowego. Zwracana warto\u015b\u0107 jest w postaci\u00a0kodu HEX (np. #ffffff).<\/p>\n","protected":false},"author":8,"featured_media":0,"parent":493,"menu_order":0,"comment_status":"closed","ping_status":"closed","template":"","meta":[],"tags":[232,233,30],"_links":{"self":[{"href":"http:\/\/developer.edokumenty.eu\/index.php\/wp-json\/wp\/v2\/pages\/1456"}],"collection":[{"href":"http:\/\/developer.edokumenty.eu\/index.php\/wp-json\/wp\/v2\/pages"}],"about":[{"href":"http:\/\/developer.edokumenty.eu\/index.php\/wp-json\/wp\/v2\/types\/page"}],"author":[{"embeddable":true,"href":"http:\/\/developer.edokumenty.eu\/index.php\/wp-json\/wp\/v2\/users\/8"}],"replies":[{"embeddable":true,"href":"http:\/\/developer.edokumenty.eu\/index.php\/wp-json\/wp\/v2\/comments?post=1456"}],"version-history":[{"count":6,"href":"http:\/\/developer.edokumenty.eu\/index.php\/wp-json\/wp\/v2\/pages\/1456\/revisions"}],"predecessor-version":[{"id":1463,"href":"http:\/\/developer.edokumenty.eu\/index.php\/wp-json\/wp\/v2\/pages\/1456\/revisions\/1463"}],"up":[{"embeddable":true,"href":"http:\/\/developer.edokumenty.eu\/index.php\/wp-json\/wp\/v2\/pages\/493"}],"wp:attachment":[{"href":"http:\/\/developer.edokumenty.eu\/index.php\/wp-json\/wp\/v2\/media?parent=1456"}],"wp:term":[{"taxonomy":"post_tag","embeddable":true,"href":"http:\/\/developer.edokumenty.eu\/index.php\/wp-json\/wp\/v2\/tags?post=1456"}],"curies":[{"name":"wp","href":"https:\/\/api.w.org\/{rel}","templated":true}]}}