{"id":1404,"date":"2017-04-06T11:24:17","date_gmt":"2017-04-06T09:24:17","guid":{"rendered":"http:\/\/developer.edokumenty.eu\/?page_id=1404"},"modified":"2017-04-06T11:24:17","modified_gmt":"2017-04-06T09:24:17","slug":"ikony-aplikacji-mobilnej","status":"publish","type":"page","link":"http:\/\/developer.edokumenty.eu\/index.php\/tutoriale\/aplikacje-mobilne\/ikony-aplikacji-mobilnej\/","title":{"rendered":"Ikony w aplikacji mobilnej"},"content":{"rendered":"<p>Aplikacja mobilna systemu eDokumenty pozwala na u\u017cycie jednego z dw\u00f3ch zestaw\u00f3w ikon. Pierwszy jest dost\u0119pny pod adresem\u00a0<a href=\"https:\/\/ionicframework.com\/docs\/ionicons\/\">https:\/\/ionicframework.com\/docs\/ionicons\/<\/a>, natomiast drugi widoczny jest poni\u017cej:<\/p>\n","protected":false},"excerpt":{"rendered":"<p>Aplikacja mobilna systemu eDokumenty pozwala na u\u017cycie jednego z dw\u00f3ch zestaw\u00f3w ikon. Pierwszy jest dost\u0119pny pod adresem\u00a0https:\/\/ionicframework.com\/docs\/ionicons\/, natomiast drugi widoczny jest poni\u017cej:<\/p>\n","protected":false},"author":2,"featured_media":0,"parent":623,"menu_order":0,"comment_status":"closed","ping_status":"closed","template":"icons8\/template-icons.php","meta":[],"tags":[224,225,97],"_links":{"self":[{"href":"http:\/\/developer.edokumenty.eu\/index.php\/wp-json\/wp\/v2\/pages\/1404"}],"collection":[{"href":"http:\/\/developer.edokumenty.eu\/index.php\/wp-json\/wp\/v2\/pages"}],"about":[{"href":"http:\/\/developer.edokumenty.eu\/index.php\/wp-json\/wp\/v2\/types\/page"}],"author":[{"embeddable":true,"href":"http:\/\/developer.edokumenty.eu\/index.php\/wp-json\/wp\/v2\/users\/2"}],"replies":[{"embeddable":true,"href":"http:\/\/developer.edokumenty.eu\/index.php\/wp-json\/wp\/v2\/comments?post=1404"}],"version-history":[{"count":2,"href":"http:\/\/developer.edokumenty.eu\/index.php\/wp-json\/wp\/v2\/pages\/1404\/revisions"}],"predecessor-version":[{"id":1406,"href":"http:\/\/developer.edokumenty.eu\/index.php\/wp-json\/wp\/v2\/pages\/1404\/revisions\/1406"}],"up":[{"embeddable":true,"href":"http:\/\/developer.edokumenty.eu\/index.php\/wp-json\/wp\/v2\/pages\/623"}],"wp:attachment":[{"href":"http:\/\/developer.edokumenty.eu\/index.php\/wp-json\/wp\/v2\/media?parent=1404"}],"wp:term":[{"taxonomy":"post_tag","embeddable":true,"href":"http:\/\/developer.edokumenty.eu\/index.php\/wp-json\/wp\/v2\/tags?post=1404"}],"curies":[{"name":"wp","href":"https:\/\/api.w.org\/{rel}","templated":true}]}}